{"id":3,"date":"2021-03-11T09:02:37","date_gmt":"2021-03-11T09:02:37","guid":{"rendered":"https:\/\/gonher.es\/?page_id=3"},"modified":"2024-02-29T12:39:32","modified_gmt":"2024-02-29T12:39:32","slug":"politica-privacidad","status":"publish","type":"page","link":"https:\/\/gonher.es\/en\/politica-privacidad\/","title":{"rendered":"Privacy Policy"},"content":{"rendered":"<div data-elementor-type=\"wp-page\" data-elementor-id=\"3\" class=\"elementor elementor-3\" data-elementor-post-type=\"page\">\n\t\t\t\t\t\t<section class=\"elementor-section elementor-top-section elementor-element elementor-element-c63a01a elementor-section-boxed elementor-section-height-default elementor-section-height-default\" data-id=\"c63a01a\" data-element_type=\"section\">\n\t\t\t\t\t\t<div class=\"elementor-container elementor-column-gap-default\">\n\t\t\t\t\t<div class=\"elementor-column elementor-col-100 elementor-top-column elementor-element elementor-element-5d36c7f2\" data-id=\"5d36c7f2\" data-element_type=\"column\">\n\t\t\t<div class=\"elementor-widget-wrap elementor-element-populated\">\n\t\t\t\t\t\t<div class=\"elementor-element elementor-element-6d8bf3d elementor-widget elementor-widget-heading\" data-id=\"6d8bf3d\" data-element_type=\"widget\" data-widget_type=\"heading.default\">\n\t\t\t\t<div class=\"elementor-widget-container\">\n\t\t\t<h1 class=\"elementor-heading-title elementor-size-default\">POL\u00cdTICA DE PRVACIDAD<\/h1>\t\t<\/div>\n\t\t\t\t<\/div>\n\t\t\t\t<div class=\"elementor-element elementor-element-5bbab7a7 elementor-widget elementor-widget-text-editor\" data-id=\"5bbab7a7\" data-element_type=\"widget\" data-widget_type=\"text-editor.default\">\n\t\t\t\t<div class=\"elementor-widget-container\">\n\t\t\t\t\t\t\t<ol>\r\n \t<li>\u00bfQui\u00e9n es el responsable del tratamiento de sus datos?<\/li>\r\n<\/ol>\r\nGONHER, S.A\r\n\r\nA-03003647\r\n\r\nC\/ Castalla N\u00ba44, 03440 Ibi (Alicante) Espa\u00f1a\r\n\r\n<a href=\"mailto:vteanguiz@gonher.es\">vteanguiz@gonher.es<\/a>\r\n\r\n&nbsp;\r\n<ol start=\"2\">\r\n \t<li>\u00bfCon qu\u00e9 finalidad tratamos sus datos personales?<\/li>\r\n<\/ol>\r\nEn GONHER tratamos la informaci\u00f3n que nos facilitan las personas interesadas con el fin de realizar la gesti\u00f3n administrativa, contable y fiscal de los servicios solicitados, as\u00ed como enviar comunicaciones comerciales sobre nuestros productos y servicios. En el caso de que no facilite sus datos personales, no podremos cumplir con las funcionalidades descritas anteriormente.\r\n\r\nNo se van a tomar decisiones automatizadas en base a los datos proporcionados.\r\n<ol start=\"3\">\r\n \t<li>\u00bfPor cu\u00e1nto tiempo conservaremos sus datos?<\/li>\r\n<\/ol>\r\nLos datos se conservar\u00e1n mientras el interesado no solicite su supresi\u00f3n, y en su caso, durante los a\u00f1os necesarios para cumplir con las obligaciones legales.\r\n<ol start=\"4\">\r\n \t<li>\u00bfCu\u00e1l es la legitimaci\u00f3n para el tratamiento de sus datos?<\/li>\r\n<\/ol>\r\nLe indicamos la base legal para el tratamiento de sus datos:\r\n<ul>\r\n \t<li>Ejecuci\u00f3n de un contrato: Gesti\u00f3n fiscal, contable y administrativa de clientes. (RGPD art. 6.1.b).<\/li>\r\n \t<li>Inter\u00e9s leg\u00edtimo del Responsable: Env\u00edo de comunicaciones comerciales incluso por v\u00eda electr\u00f3nica. (RGPD Considerando 47, LSSICE art. 21.2).<\/li>\r\n<\/ul>\r\n<ol start=\"5\">\r\n \t<li>\u00bfA qu\u00e9 destinatarios se comunicar\u00e1n sus datos?<\/li>\r\n<\/ol>\r\nLos datos se comunicar\u00e1n a los siguientes destinatarios:\r\n<ul>\r\n \t<li>Administraci\u00f3n Tributaria, con la finalidad de cumplir con las obligaciones legales (requisito legal).<\/li>\r\n \t<li>Entidades financieras, con la finalidad de girar los recibos correspondientes (requisito contractual).<\/li>\r\n<\/ul>\r\n<ol start=\"6\">\r\n \t<li>Transferencias de datos a terceros pa\u00edses<\/li>\r\n<\/ol>\r\nNo est\u00e1n previstas transferencias de datos a terceros pa\u00edses.\r\n<ol start=\"7\">\r\n \t<li>\u00bfCu\u00e1les son sus derechos cuando nos facilita sus datos?<\/li>\r\n<\/ol>\r\nCualquier persona tiene derecho a obtener confirmaci\u00f3n sobre si en GONHER estamos tratando, o no, datos personales que les conciernan.\r\n\r\nLas personas interesadas tienen derecho a acceder a sus datos personales, as\u00ed como a solicitar la rectificaci\u00f3n de los datos inexactos o, en su caso, solicitar su supresi\u00f3n cuando, entre otros motivos, los datos ya no sean necesarios para los fines que fueron recogidos. Igualmente tiene derecho a la portabilidad de sus datos.\r\n\r\nEn determinadas circunstancias, los interesados podr\u00e1n solicitar la limitaci\u00f3n del tratamiento de sus datos, en cuyo caso \u00fanicamente los conservaremos para el ejercicio o la defensa de reclamaciones.\r\n\r\nEn determinadas circunstancias y por motivos relacionados con su situaci\u00f3n particular, los interesados podr\u00e1n oponerse al tratamiento de sus datos. En este caso, GONHER dejar\u00e1 de tratar los datos, salvo por motivos leg\u00edtimos imperiosos, o el ejercicio o la defensa de posibles reclamaciones.\r\n\r\nPodr\u00e1 ejercitar materialmente sus derechos de la siguiente forma: dirigi\u00e9ndose a vteanguiz@gonher.es\r\n\r\nCuando se realice el env\u00edo de comunicaciones comerciales utilizando como base jur\u00eddica el inter\u00e9s leg\u00edtimo del responsable, el interesado podr\u00e1 oponerse al tratamiento de sus datos con ese fin.\r\n\r\nSi ha otorgado su consentimiento para alguna finalidad concreta, tiene derecho a retirar el consentimiento otorgado en cualquier momento, sin que ello afecte a la licitud del tratamiento basado en el consentimiento previo a su retirada.\r\n\r\nEn caso de que sienta vulnerados sus derechos en lo concerniente a la protecci\u00f3n de sus datos personales, especialmente cuando no haya obtenido satisfacci\u00f3n en el ejercicio de sus derechos, puede presentar una reclamaci\u00f3n ante la Autoridad de Control en materia de Protecci\u00f3n de Datos competente a trav\u00e9s de su sitio web: www.aepd.es.\r\n<ol start=\"8\">\r\n \t<li>\u00bfC\u00f3mo hemos obtenido sus datos?<\/li>\r\n<\/ol>\r\nLos datos personales que tratamos en GONHER proceden de: El propio interesado.\t\t\t\t\t\t<\/div>\n\t\t\t\t<\/div>\n\t\t\t\t\t<\/div>\n\t\t<\/div>\n\t\t\t\t\t<\/div>\n\t\t<\/section>\n\t\t\t\t<\/div>","protected":false},"excerpt":{"rendered":"<p>POL\u00cdTICA DE PRVACIDAD \u00bfQui\u00e9n es el responsable del tratamiento de sus datos? GONHER, S.A A-03003647 C\/ Castalla N\u00ba44, 03440 Ibi (Alicante) Espa\u00f1a vteanguiz@gonher.es &nbsp; \u00bfCon qu\u00e9 finalidad tratamos sus datos personales? En GONHER tratamos la informaci\u00f3n que nos facilitan las personas interesadas con el fin de realizar la gesti\u00f3n administrativa, contable y fiscal de los [&hellip;]<\/p>","protected":false},"author":1,"featured_media":0,"parent":0,"menu_order":0,"comment_status":"closed","ping_status":"open","template":"","meta":{"site-sidebar-layout":"default","site-content-layout":"default","ast-site-content-layout":"","site-content-style":"default","site-sidebar-style":"default","ast-global-header-display":"","ast-banner-title-visibility":"","ast-main-header-display":"","ast-hfb-above-header-display":"","ast-hfb-below-header-display":"","ast-hfb-mobile-header-display":"","site-post-title":"","ast-breadcrumbs-content":"","ast-featured-img":"","footer-sml-layout":"","theme-transparent-header-meta":"","adv-header-id-meta":"","stick-header-meta":"","header-above-stick-meta":"","header-main-stick-meta":"","header-below-stick-meta":"","astra-migrate-meta-layouts":"default","ast-page-background-enabled":"default","ast-page-background-meta":{"desktop":{"background-color":"","background-image":"","background-repeat":"repeat","background-position":"center center","background-size":"auto","background-attachment":"scroll","background-type":"","background-media":"","overlay-type":"","overlay-color":"","overlay-opacity":"","overlay-gradient":""},"tablet":{"background-color":"","background-image":"","background-repeat":"repeat","background-position":"center center","background-size":"auto","background-attachment":"scroll","background-type":"","background-media":"","overlay-type":"","overlay-color":"","overlay-opacity":"","overlay-gradient":""},"mobile":{"background-color":"","background-image":"","background-repeat":"repeat","background-position":"center center","background-size":"auto","background-attachment":"scroll","background-type":"","background-media":"","overlay-type":"","overlay-color":"","overlay-opacity":"","overlay-gradient":""}},"ast-content-background-meta":{"desktop":{"background-color":"var(--ast-global-color-5)","background-image":"","background-repeat":"repeat","background-position":"center center","background-size":"auto","background-attachment":"scroll","background-type":"","background-media":"","overlay-type":"","overlay-color":"","overlay-opacity":"","overlay-gradient":""},"tablet":{"background-color":"var(--ast-global-color-5)","background-image":"","background-repeat":"repeat","background-position":"center center","background-size":"auto","background-attachment":"scroll","background-type":"","background-media":"","overlay-type":"","overlay-color":"","overlay-opacity":"","overlay-gradient":""},"mobile":{"background-color":"var(--ast-global-color-5)","background-image":"","background-repeat":"repeat","background-position":"center center","background-size":"auto","background-attachment":"scroll","background-type":"","background-media":"","overlay-type":"","overlay-color":"","overlay-opacity":"","overlay-gradient":""}},"footnotes":""},"class_list":["post-3","page","type-page","status-publish","hentry"],"jetpack_sharing_enabled":true,"_links":{"self":[{"href":"https:\/\/gonher.es\/en\/wp-json\/wp\/v2\/pages\/3","targetHints":{"allow":["GET"]}}],"collection":[{"href":"https:\/\/gonher.es\/en\/wp-json\/wp\/v2\/pages"}],"about":[{"href":"https:\/\/gonher.es\/en\/wp-json\/wp\/v2\/types\/page"}],"author":[{"embeddable":true,"href":"https:\/\/gonher.es\/en\/wp-json\/wp\/v2\/users\/1"}],"replies":[{"embeddable":true,"href":"https:\/\/gonher.es\/en\/wp-json\/wp\/v2\/comments?post=3"}],"version-history":[{"count":5,"href":"https:\/\/gonher.es\/en\/wp-json\/wp\/v2\/pages\/3\/revisions"}],"predecessor-version":[{"id":2284,"href":"https:\/\/gonher.es\/en\/wp-json\/wp\/v2\/pages\/3\/revisions\/2284"}],"wp:attachment":[{"href":"https:\/\/gonher.es\/en\/wp-json\/wp\/v2\/media?parent=3"}],"curies":[{"name":"wp","href":"https:\/\/api.w.org\/{rel}","templated":true}]}}